{"id":218,"date":"2025-09-28T10:25:59","date_gmt":"2025-09-28T10:25:59","guid":{"rendered":"https:\/\/seslianket.net\/?page_id=218"},"modified":"2025-09-28T10:26:01","modified_gmt":"2025-09-28T10:26:01","slug":"ai-canli-telefon-anketi","status":"publish","type":"page","link":"https:\/\/seslianket.net\/index.php\/ai-canli-telefon-anketi\/","title":{"rendered":"AI Canl\u0131 Telefon Anketi"},"content":{"rendered":"","protected":false},"excerpt":{"rendered":"","protected":false},"author":1,"featured_media":0,"parent":0,"menu_order":0,"comment_status":"closed","ping_status":"closed","template":"","meta":{"saved_in_kubio":false,"footnotes":""},"class_list":["post-218","page","type-page","status-publish","hentry"],"kubio_ai_page_context":{"short_desc":"","purpose":"general"},"yoast_head":"<!-- This site is optimized with the Yoast SEO plugin v24.5 - https:\/\/yoast.com\/wordpress\/plugins\/seo\/ -->\n<title>AI Canl\u0131 Telefon Anketi - T\u00fcrkiye&#039;nin 1 Numaral\u0131 Sesli Anket \u015eirketi BY K\u0131rm\u0131z\u0131 Kare<\/title>\n<meta name=\"robots\" content=\"index, follow, max-snippet:-1, max-image-preview:large, max-video-preview:-1\" \/>\n<link rel=\"canonical\" href=\"https:\/\/seslianket.net\/index.php\/ai-canli-telefon-anketi\/\" \/>\n<meta property=\"og:locale\" content=\"tr_TR\" \/>\n<meta property=\"og:type\" content=\"article\" \/>\n<meta property=\"og:title\" content=\"AI Canl\u0131 Telefon Anketi - T\u00fcrkiye&#039;nin 1 Numaral\u0131 Sesli Anket \u015eirketi BY K\u0131rm\u0131z\u0131 Kare\" \/>\n<meta property=\"og:url\" content=\"https:\/\/seslianket.net\/index.php\/ai-canli-telefon-anketi\/\" \/>\n<meta property=\"og:site_name\" content=\"T\u00fcrkiye&#039;nin 1 Numaral\u0131 Sesli Anket \u015eirketi BY K\u0131rm\u0131z\u0131 Kare\" \/>\n<meta property=\"article:modified_time\" content=\"2025-09-28T10:26:01+00:00\" \/>\n<meta name=\"twitter:card\" content=\"summary_large_image\" \/>\n<script type=\"application\/ld+json\" class=\"yoast-schema-graph\">{\"@context\":\"https:\/\/schema.org\",\"@graph\":[{\"@type\":\"WebPage\",\"@id\":\"https:\/\/seslianket.net\/index.php\/ai-canli-telefon-anketi\/\",\"url\":\"https:\/\/seslianket.net\/index.php\/ai-canli-telefon-anketi\/\",\"name\":\"AI Canl\u0131 Telefon Anketi - T\u00fcrkiye&#039;nin 1 Numaral\u0131 Sesli Anket \u015eirketi BY K\u0131rm\u0131z\u0131 Kare\",\"isPartOf\":{\"@id\":\"https:\/\/seslianket.net\/#website\"},\"datePublished\":\"2025-09-28T10:25:59+00:00\",\"dateModified\":\"2025-09-28T10:26:01+00:00\",\"breadcrumb\":{\"@id\":\"https:\/\/seslianket.net\/index.php\/ai-canli-telefon-anketi\/#breadcrumb\"},\"inLanguage\":\"tr\",\"potentialAction\":[{\"@type\":\"ReadAction\",\"target\":[\"https:\/\/seslianket.net\/index.php\/ai-canli-telefon-anketi\/\"]}]},{\"@type\":\"BreadcrumbList\",\"@id\":\"https:\/\/seslianket.net\/index.php\/ai-canli-telefon-anketi\/#breadcrumb\",\"itemListElement\":[{\"@type\":\"ListItem\",\"position\":1,\"name\":\"Anasayfa\",\"item\":\"https:\/\/seslianket.net\/\"},{\"@type\":\"ListItem\",\"position\":2,\"name\":\"AI Canl\u0131 Telefon Anketi\"}]},{\"@type\":\"WebSite\",\"@id\":\"https:\/\/seslianket.net\/#website\",\"url\":\"https:\/\/seslianket.net\/\",\"name\":\"T\u00fcrkiye&#039;nin 1 Numaral\u0131 Sesli Anket \u015eirketi BY K\u0131rm\u0131z\u0131 Kare\",\"description\":\"T\u00fcrkiye&#039;nin 1 Numaral\u0131 Sesli Anket \u015eirketi\",\"publisher\":{\"@id\":\"https:\/\/seslianket.net\/#organization\"},\"potentialAction\":[{\"@type\":\"SearchAction\",\"target\":{\"@type\":\"EntryPoint\",\"urlTemplate\":\"https:\/\/seslianket.net\/?s={search_term_string}\"},\"query-input\":{\"@type\":\"PropertyValueSpecification\",\"valueRequired\":true,\"valueName\":\"search_term_string\"}}],\"inLanguage\":\"tr\"},{\"@type\":\"Organization\",\"@id\":\"https:\/\/seslianket.net\/#organization\",\"name\":\"T\u00fcrkiye&#039;nin 1 Numaral\u0131 Sesli Anket \u015eirketi BY K\u0131rm\u0131z\u0131 Kare\",\"url\":\"https:\/\/seslianket.net\/\",\"logo\":{\"@type\":\"ImageObject\",\"inLanguage\":\"tr\",\"@id\":\"https:\/\/seslianket.net\/#\/schema\/logo\/image\/\",\"url\":\"https:\/\/seslianket.net\/wp-content\/uploads\/2025\/02\/Ekran-goruntusu-2025-02-19-131442.png\",\"contentUrl\":\"https:\/\/seslianket.net\/wp-content\/uploads\/2025\/02\/Ekran-goruntusu-2025-02-19-131442.png\",\"width\":528,\"height\":491,\"caption\":\"T\u00fcrkiye&#039;nin 1 Numaral\u0131 Sesli Anket \u015eirketi BY K\u0131rm\u0131z\u0131 Kare\"},\"image\":{\"@id\":\"https:\/\/seslianket.net\/#\/schema\/logo\/image\/\"}}]}<\/script>\n<!-- \/ Yoast SEO plugin. -->","yoast_head_json":{"title":"AI Canl\u0131 Telefon Anketi - T\u00fcrkiye&#039;nin 1 Numaral\u0131 Sesli Anket \u015eirketi BY K\u0131rm\u0131z\u0131 Kare","robots":{"index":"index","follow":"follow","max-snippet":"max-snippet:-1","max-image-preview":"max-image-preview:large","max-video-preview":"max-video-preview:-1"},"canonical":"https:\/\/seslianket.net\/index.php\/ai-canli-telefon-anketi\/","og_locale":"tr_TR","og_type":"article","og_title":"AI Canl\u0131 Telefon Anketi - T\u00fcrkiye&#039;nin 1 Numaral\u0131 Sesli Anket \u015eirketi BY K\u0131rm\u0131z\u0131 Kare","og_url":"https:\/\/seslianket.net\/index.php\/ai-canli-telefon-anketi\/","og_site_name":"T\u00fcrkiye&#039;nin 1 Numaral\u0131 Sesli Anket \u015eirketi BY K\u0131rm\u0131z\u0131 Kare","article_modified_time":"2025-09-28T10:26:01+00:00","twitter_card":"summary_large_image","schema":{"@context":"https:\/\/schema.org","@graph":[{"@type":"WebPage","@id":"https:\/\/seslianket.net\/index.php\/ai-canli-telefon-anketi\/","url":"https:\/\/seslianket.net\/index.php\/ai-canli-telefon-anketi\/","name":"AI Canl\u0131 Telefon Anketi - T\u00fcrkiye&#039;nin 1 Numaral\u0131 Sesli Anket \u015eirketi BY K\u0131rm\u0131z\u0131 Kare","isPartOf":{"@id":"https:\/\/seslianket.net\/#website"},"datePublished":"2025-09-28T10:25:59+00:00","dateModified":"2025-09-28T10:26:01+00:00","breadcrumb":{"@id":"https:\/\/seslianket.net\/index.php\/ai-canli-telefon-anketi\/#breadcrumb"},"inLanguage":"tr","potentialAction":[{"@type":"ReadAction","target":["https:\/\/seslianket.net\/index.php\/ai-canli-telefon-anketi\/"]}]},{"@type":"BreadcrumbList","@id":"https:\/\/seslianket.net\/index.php\/ai-canli-telefon-anketi\/#breadcrumb","itemListElement":[{"@type":"ListItem","position":1,"name":"Anasayfa","item":"https:\/\/seslianket.net\/"},{"@type":"ListItem","position":2,"name":"AI Canl\u0131 Telefon Anketi"}]},{"@type":"WebSite","@id":"https:\/\/seslianket.net\/#website","url":"https:\/\/seslianket.net\/","name":"T\u00fcrkiye&#039;nin 1 Numaral\u0131 Sesli Anket \u015eirketi BY K\u0131rm\u0131z\u0131 Kare","description":"T\u00fcrkiye&#039;nin 1 Numaral\u0131 Sesli Anket \u015eirketi","publisher":{"@id":"https:\/\/seslianket.net\/#organization"},"potentialAction":[{"@type":"SearchAction","target":{"@type":"EntryPoint","urlTemplate":"https:\/\/seslianket.net\/?s={search_term_string}"},"query-input":{"@type":"PropertyValueSpecification","valueRequired":true,"valueName":"search_term_string"}}],"inLanguage":"tr"},{"@type":"Organization","@id":"https:\/\/seslianket.net\/#organization","name":"T\u00fcrkiye&#039;nin 1 Numaral\u0131 Sesli Anket \u015eirketi BY K\u0131rm\u0131z\u0131 Kare","url":"https:\/\/seslianket.net\/","logo":{"@type":"ImageObject","inLanguage":"tr","@id":"https:\/\/seslianket.net\/#\/schema\/logo\/image\/","url":"https:\/\/seslianket.net\/wp-content\/uploads\/2025\/02\/Ekran-goruntusu-2025-02-19-131442.png","contentUrl":"https:\/\/seslianket.net\/wp-content\/uploads\/2025\/02\/Ekran-goruntusu-2025-02-19-131442.png","width":528,"height":491,"caption":"T\u00fcrkiye&#039;nin 1 Numaral\u0131 Sesli Anket \u015eirketi BY K\u0131rm\u0131z\u0131 Kare"},"image":{"@id":"https:\/\/seslianket.net\/#\/schema\/logo\/image\/"}}]}},"_links":{"self":[{"href":"https:\/\/seslianket.net\/index.php\/wp-json\/wp\/v2\/pages\/218","targetHints":{"allow":["GET"]}}],"collection":[{"href":"https:\/\/seslianket.net\/index.php\/wp-json\/wp\/v2\/pages"}],"about":[{"href":"https:\/\/seslianket.net\/index.php\/wp-json\/wp\/v2\/types\/page"}],"author":[{"embeddable":true,"href":"https:\/\/seslianket.net\/index.php\/wp-json\/wp\/v2\/users\/1"}],"replies":[{"embeddable":true,"href":"https:\/\/seslianket.net\/index.php\/wp-json\/wp\/v2\/comments?post=218"}],"version-history":[{"count":1,"href":"https:\/\/seslianket.net\/index.php\/wp-json\/wp\/v2\/pages\/218\/revisions"}],"predecessor-version":[{"id":219,"href":"https:\/\/seslianket.net\/index.php\/wp-json\/wp\/v2\/pages\/218\/revisions\/219"}],"wp:attachment":[{"href":"https:\/\/seslianket.net\/index.php\/wp-json\/wp\/v2\/media?parent=218"}],"curies":[{"name":"wp","href":"https:\/\/api.w.org\/{rel}","templated":true}]}}