{"id":38,"date":"2025-02-19T08:31:47","date_gmt":"2025-02-19T08:31:47","guid":{"rendered":"https:\/\/seslianket.net\/?page_id=38"},"modified":"2025-02-25T08:55:56","modified_gmt":"2025-02-25T08:55:56","slug":"iletisim-formu","status":"publish","type":"page","link":"https:\/\/seslianket.net\/index.php\/iletisim-formu\/","title":{"rendered":"\u0130leti\u015fim Formu"},"content":{"rendered":"<div class=\"wpforms-container wpforms-container-full wpforms-block wpforms-block-66b9f248-ad0a-47a5-8003-b9794ce9da7f wpforms-render-modern\" id=\"wpforms-48\"><form id=\"wpforms-form-48\" class=\"wpforms-validate wpforms-form wpforms-ajax-form\" data-formid=\"48\" method=\"post\" enctype=\"multipart\/form-data\" action=\"\/index.php\/wp-json\/wp\/v2\/pages\/38\" data-token=\"0aba4e5c85d2d8e0b9e8343bff4e9fb1\" data-token-time=\"1777146522\"><noscript class=\"wpforms-error-noscript\">Bu formu bitirebilmek i\u00e7in taray\u0131c\u0131n\u0131zda JavaScript&#039;i etkinle\u015ftirin.<\/noscript><div class=\"wpforms-hidden\" id=\"wpforms-error-noscript\">Bu formu bitirebilmek i\u00e7in taray\u0131c\u0131n\u0131zda JavaScript&#039;i etkinle\u015ftirin.<\/div><div class=\"wpforms-field-container\"><div id=\"wpforms-48-field_1-container\" class=\"wpforms-field wpforms-field-name\" data-field-id=\"1\"><fieldset><legend class=\"wpforms-field-label\">Ad\u0131 Soyad\u0131 <span class=\"wpforms-required-label\" aria-hidden=\"true\">*<\/span><\/legend><div class=\"wpforms-field-row wpforms-field-medium\"><div class=\"wpforms-field-row-block wpforms-first wpforms-one-half\"><input type=\"text\" id=\"wpforms-48-field_1\" class=\"wpforms-field-name-first wpforms-field-required\" name=\"wpforms[fields][1][first]\" aria-errormessage=\"wpforms-48-field_1-error\" required><label for=\"wpforms-48-field_1\" class=\"wpforms-field-sublabel after\">Ad<\/label><\/div><div class=\"wpforms-field-row-block wpforms-one-half\"><input type=\"text\" id=\"wpforms-48-field_1-last\" class=\"wpforms-field-name-last wpforms-field-required\" name=\"wpforms[fields][1][last]\" aria-errormessage=\"wpforms-48-field_1-last-error\" required><label for=\"wpforms-48-field_1-last\" class=\"wpforms-field-sublabel after\">Soyad<\/label><\/div><\/div><\/fieldset><\/div><div id=\"wpforms-48-field_4-container\" class=\"wpforms-field wpforms-field-text\" data-field-id=\"4\"><label class=\"wpforms-field-label\" for=\"wpforms-48-field_4\">Telefon Numaran\u0131z <span class=\"wpforms-required-label\" aria-hidden=\"true\">*<\/span><\/label><input type=\"text\" id=\"wpforms-48-field_4\" class=\"wpforms-field-medium wpforms-field-required\" name=\"wpforms[fields][4]\" aria-errormessage=\"wpforms-48-field_4-error\" required><\/div><div id=\"wpforms-48-field_5-container\" class=\"wpforms-field wpforms-field-radio\" data-field-id=\"5\"><fieldset><legend class=\"wpforms-field-label\">Hangi \u00dcr\u00fcn \u0130\u00e7in Bilgi \u0130stiyorsunuz? <span class=\"wpforms-required-label\" aria-hidden=\"true\">*<\/span><\/legend><ul id=\"wpforms-48-field_5\" class=\"wpforms-field-required\"><li class=\"choice-1 depth-1\"><input type=\"radio\" id=\"wpforms-48-field_5_1\" name=\"wpforms[fields][5]\" value=\"Sesli Anket\" aria-errormessage=\"wpforms-48-field_5_1-error\" required ><label class=\"wpforms-field-label-inline\" for=\"wpforms-48-field_5_1\">Sesli Anket<\/label><\/li><li class=\"choice-2 depth-1\"><input type=\"radio\" id=\"wpforms-48-field_5_2\" name=\"wpforms[fields][5]\" value=\"Sesli Mesaj\" aria-errormessage=\"wpforms-48-field_5_2-error\" required ><label class=\"wpforms-field-label-inline\" for=\"wpforms-48-field_5_2\">Sesli Mesaj<\/label><\/li><li class=\"choice-3 depth-1\"><input type=\"radio\" id=\"wpforms-48-field_5_3\" name=\"wpforms[fields][5]\" value=\"SMS\" aria-errormessage=\"wpforms-48-field_5_3-error\" required ><label class=\"wpforms-field-label-inline\" for=\"wpforms-48-field_5_3\">SMS<\/label><\/li><li class=\"choice-4 depth-1\"><input type=\"radio\" id=\"wpforms-48-field_5_4\" name=\"wpforms[fields][5]\" value=\"Hepsi\" aria-errormessage=\"wpforms-48-field_5_4-error\" required ><label class=\"wpforms-field-label-inline\" for=\"wpforms-48-field_5_4\">Hepsi<\/label><\/li><\/ul><\/fieldset><\/div><div id=\"wpforms-48-field_3-container\" class=\"wpforms-field wpforms-field-textarea\" data-field-id=\"3\"><label class=\"wpforms-field-label\" for=\"wpforms-48-field_3\">Varsa Mesaj\u0131n\u0131z<\/label><textarea id=\"wpforms-48-field_3\" class=\"wpforms-field-medium\" name=\"wpforms[fields][3]\" aria-errormessage=\"wpforms-48-field_3-error\" ><\/textarea><\/div><\/div><!-- .wpforms-field-container --><div class=\"wpforms-submit-container\" ><input type=\"hidden\" name=\"wpforms[id]\" value=\"48\"><input type=\"hidden\" name=\"page_title\" value=\"\"><input type=\"hidden\" name=\"page_url\" value=\"https:\/\/seslianket.net\/index.php\/wp-json\/wp\/v2\/pages\/38\"><button type=\"submit\" name=\"wpforms[submit]\" id=\"wpforms-submit-48\" class=\"wpforms-submit\" data-alt-text=\"G\u00f6nderiliyor...\" data-submit-text=\"G\u00f6nder\" aria-live=\"assertive\" value=\"wpforms-submit\">G\u00f6nder<\/button><img loading=\"lazy\" decoding=\"async\" src=\"https:\/\/seslianket.net\/wp-content\/plugins\/wpforms-lite\/assets\/images\/submit-spin.svg\" class=\"wpforms-submit-spinner\" style=\"display: none;\" width=\"26\" height=\"26\" alt=\"Y\u00fckleniyor\"><\/div><\/form><\/div>  <!-- .wpforms-container -->","protected":false},"excerpt":{"rendered":"","protected":false},"author":1,"featured_media":0,"parent":0,"menu_order":0,"comment_status":"closed","ping_status":"closed","template":"","meta":{"saved_in_kubio":false,"footnotes":""},"class_list":["post-38","page","type-page","status-publish","hentry"],"kubio_ai_page_context":{"short_desc":"","purpose":"general"},"yoast_head":"<!-- This site is optimized with the Yoast SEO plugin v24.5 - https:\/\/yoast.com\/wordpress\/plugins\/seo\/ -->\n<title>\u0130leti\u015fim Formu - T\u00fcrkiye&#039;nin 1 Numaral\u0131 Sesli Anket \u015eirketi BY K\u0131rm\u0131z\u0131 Kare<\/title>\n<meta name=\"description\" content=\"Sesli Anket&#039; inizi Anl\u0131k Canl\u0131 \u015eekilde Takip edin. Yapay Zeka Destekli Raporlar\u0131 Hemen Al\u0131n. QR Kodla Raporunuza Heryerden Ula\u015f\u0131n.\" \/>\n<meta name=\"robots\" content=\"index, follow, max-snippet:-1, max-image-preview:large, max-video-preview:-1\" \/>\n<link rel=\"canonical\" href=\"https:\/\/seslianket.net\/index.php\/iletisim-formu\/\" \/>\n<meta property=\"og:locale\" content=\"tr_TR\" \/>\n<meta property=\"og:type\" content=\"article\" \/>\n<meta property=\"og:title\" content=\"\u0130leti\u015fim Formu - T\u00fcrkiye&#039;nin 1 Numaral\u0131 Sesli Anket \u015eirketi BY K\u0131rm\u0131z\u0131 Kare\" \/>\n<meta property=\"og:description\" content=\"Sesli Anket&#039; inizi Anl\u0131k Canl\u0131 \u015eekilde Takip edin. Yapay Zeka Destekli Raporlar\u0131 Hemen Al\u0131n. QR Kodla Raporunuza Heryerden Ula\u015f\u0131n.\" \/>\n<meta property=\"og:url\" content=\"https:\/\/seslianket.net\/index.php\/iletisim-formu\/\" \/>\n<meta property=\"og:site_name\" content=\"T\u00fcrkiye&#039;nin 1 Numaral\u0131 Sesli Anket \u015eirketi BY K\u0131rm\u0131z\u0131 Kare\" \/>\n<meta property=\"article:modified_time\" content=\"2025-02-25T08:55:56+00:00\" \/>\n<meta name=\"twitter:card\" content=\"summary_large_image\" \/>\n<script type=\"application\/ld+json\" class=\"yoast-schema-graph\">{\"@context\":\"https:\/\/schema.org\",\"@graph\":[{\"@type\":\"WebPage\",\"@id\":\"https:\/\/seslianket.net\/index.php\/iletisim-formu\/\",\"url\":\"https:\/\/seslianket.net\/index.php\/iletisim-formu\/\",\"name\":\"\u0130leti\u015fim Formu - T\u00fcrkiye&#039;nin 1 Numaral\u0131 Sesli Anket \u015eirketi BY K\u0131rm\u0131z\u0131 Kare\",\"isPartOf\":{\"@id\":\"https:\/\/seslianket.net\/#website\"},\"datePublished\":\"2025-02-19T08:31:47+00:00\",\"dateModified\":\"2025-02-25T08:55:56+00:00\",\"description\":\"Sesli Anket' inizi Anl\u0131k Canl\u0131 \u015eekilde Takip edin. Yapay Zeka Destekli Raporlar\u0131 Hemen Al\u0131n. QR Kodla Raporunuza Heryerden Ula\u015f\u0131n.\",\"breadcrumb\":{\"@id\":\"https:\/\/seslianket.net\/index.php\/iletisim-formu\/#breadcrumb\"},\"inLanguage\":\"tr\",\"potentialAction\":[{\"@type\":\"ReadAction\",\"target\":[\"https:\/\/seslianket.net\/index.php\/iletisim-formu\/\"]}]},{\"@type\":\"BreadcrumbList\",\"@id\":\"https:\/\/seslianket.net\/index.php\/iletisim-formu\/#breadcrumb\",\"itemListElement\":[{\"@type\":\"ListItem\",\"position\":1,\"name\":\"Anasayfa\",\"item\":\"https:\/\/seslianket.net\/\"},{\"@type\":\"ListItem\",\"position\":2,\"name\":\"\u0130leti\u015fim Formu\"}]},{\"@type\":\"WebSite\",\"@id\":\"https:\/\/seslianket.net\/#website\",\"url\":\"https:\/\/seslianket.net\/\",\"name\":\"T\u00fcrkiye&#039;nin 1 Numaral\u0131 Sesli Anket \u015eirketi BY K\u0131rm\u0131z\u0131 Kare\",\"description\":\"T\u00fcrkiye&#039;nin 1 Numaral\u0131 Sesli Anket \u015eirketi\",\"publisher\":{\"@id\":\"https:\/\/seslianket.net\/#organization\"},\"potentialAction\":[{\"@type\":\"SearchAction\",\"target\":{\"@type\":\"EntryPoint\",\"urlTemplate\":\"https:\/\/seslianket.net\/?s={search_term_string}\"},\"query-input\":{\"@type\":\"PropertyValueSpecification\",\"valueRequired\":true,\"valueName\":\"search_term_string\"}}],\"inLanguage\":\"tr\"},{\"@type\":\"Organization\",\"@id\":\"https:\/\/seslianket.net\/#organization\",\"name\":\"T\u00fcrkiye&#039;nin 1 Numaral\u0131 Sesli Anket \u015eirketi BY K\u0131rm\u0131z\u0131 Kare\",\"url\":\"https:\/\/seslianket.net\/\",\"logo\":{\"@type\":\"ImageObject\",\"inLanguage\":\"tr\",\"@id\":\"https:\/\/seslianket.net\/#\/schema\/logo\/image\/\",\"url\":\"https:\/\/seslianket.net\/wp-content\/uploads\/2025\/02\/Ekran-goruntusu-2025-02-19-131442.png\",\"contentUrl\":\"https:\/\/seslianket.net\/wp-content\/uploads\/2025\/02\/Ekran-goruntusu-2025-02-19-131442.png\",\"width\":528,\"height\":491,\"caption\":\"T\u00fcrkiye&#039;nin 1 Numaral\u0131 Sesli Anket \u015eirketi BY K\u0131rm\u0131z\u0131 Kare\"},\"image\":{\"@id\":\"https:\/\/seslianket.net\/#\/schema\/logo\/image\/\"}}]}<\/script>\n<!-- \/ Yoast SEO plugin. -->","yoast_head_json":{"title":"\u0130leti\u015fim Formu - T\u00fcrkiye&#039;nin 1 Numaral\u0131 Sesli Anket \u015eirketi BY K\u0131rm\u0131z\u0131 Kare","description":"Sesli Anket' inizi Anl\u0131k Canl\u0131 \u015eekilde Takip edin. Yapay Zeka Destekli Raporlar\u0131 Hemen Al\u0131n. QR Kodla Raporunuza Heryerden Ula\u015f\u0131n.","robots":{"index":"index","follow":"follow","max-snippet":"max-snippet:-1","max-image-preview":"max-image-preview:large","max-video-preview":"max-video-preview:-1"},"canonical":"https:\/\/seslianket.net\/index.php\/iletisim-formu\/","og_locale":"tr_TR","og_type":"article","og_title":"\u0130leti\u015fim Formu - T\u00fcrkiye&#039;nin 1 Numaral\u0131 Sesli Anket \u015eirketi BY K\u0131rm\u0131z\u0131 Kare","og_description":"Sesli Anket' inizi Anl\u0131k Canl\u0131 \u015eekilde Takip edin. Yapay Zeka Destekli Raporlar\u0131 Hemen Al\u0131n. QR Kodla Raporunuza Heryerden Ula\u015f\u0131n.","og_url":"https:\/\/seslianket.net\/index.php\/iletisim-formu\/","og_site_name":"T\u00fcrkiye&#039;nin 1 Numaral\u0131 Sesli Anket \u015eirketi BY K\u0131rm\u0131z\u0131 Kare","article_modified_time":"2025-02-25T08:55:56+00:00","twitter_card":"summary_large_image","schema":{"@context":"https:\/\/schema.org","@graph":[{"@type":"WebPage","@id":"https:\/\/seslianket.net\/index.php\/iletisim-formu\/","url":"https:\/\/seslianket.net\/index.php\/iletisim-formu\/","name":"\u0130leti\u015fim Formu - T\u00fcrkiye&#039;nin 1 Numaral\u0131 Sesli Anket \u015eirketi BY K\u0131rm\u0131z\u0131 Kare","isPartOf":{"@id":"https:\/\/seslianket.net\/#website"},"datePublished":"2025-02-19T08:31:47+00:00","dateModified":"2025-02-25T08:55:56+00:00","description":"Sesli Anket' inizi Anl\u0131k Canl\u0131 \u015eekilde Takip edin. Yapay Zeka Destekli Raporlar\u0131 Hemen Al\u0131n. QR Kodla Raporunuza Heryerden Ula\u015f\u0131n.","breadcrumb":{"@id":"https:\/\/seslianket.net\/index.php\/iletisim-formu\/#breadcrumb"},"inLanguage":"tr","potentialAction":[{"@type":"ReadAction","target":["https:\/\/seslianket.net\/index.php\/iletisim-formu\/"]}]},{"@type":"BreadcrumbList","@id":"https:\/\/seslianket.net\/index.php\/iletisim-formu\/#breadcrumb","itemListElement":[{"@type":"ListItem","position":1,"name":"Anasayfa","item":"https:\/\/seslianket.net\/"},{"@type":"ListItem","position":2,"name":"\u0130leti\u015fim Formu"}]},{"@type":"WebSite","@id":"https:\/\/seslianket.net\/#website","url":"https:\/\/seslianket.net\/","name":"T\u00fcrkiye&#039;nin 1 Numaral\u0131 Sesli Anket \u015eirketi BY K\u0131rm\u0131z\u0131 Kare","description":"T\u00fcrkiye&#039;nin 1 Numaral\u0131 Sesli Anket \u015eirketi","publisher":{"@id":"https:\/\/seslianket.net\/#organization"},"potentialAction":[{"@type":"SearchAction","target":{"@type":"EntryPoint","urlTemplate":"https:\/\/seslianket.net\/?s={search_term_string}"},"query-input":{"@type":"PropertyValueSpecification","valueRequired":true,"valueName":"search_term_string"}}],"inLanguage":"tr"},{"@type":"Organization","@id":"https:\/\/seslianket.net\/#organization","name":"T\u00fcrkiye&#039;nin 1 Numaral\u0131 Sesli Anket \u015eirketi BY K\u0131rm\u0131z\u0131 Kare","url":"https:\/\/seslianket.net\/","logo":{"@type":"ImageObject","inLanguage":"tr","@id":"https:\/\/seslianket.net\/#\/schema\/logo\/image\/","url":"https:\/\/seslianket.net\/wp-content\/uploads\/2025\/02\/Ekran-goruntusu-2025-02-19-131442.png","contentUrl":"https:\/\/seslianket.net\/wp-content\/uploads\/2025\/02\/Ekran-goruntusu-2025-02-19-131442.png","width":528,"height":491,"caption":"T\u00fcrkiye&#039;nin 1 Numaral\u0131 Sesli Anket \u015eirketi BY K\u0131rm\u0131z\u0131 Kare"},"image":{"@id":"https:\/\/seslianket.net\/#\/schema\/logo\/image\/"}}]}},"_links":{"self":[{"href":"https:\/\/seslianket.net\/index.php\/wp-json\/wp\/v2\/pages\/38","targetHints":{"allow":["GET"]}}],"collection":[{"href":"https:\/\/seslianket.net\/index.php\/wp-json\/wp\/v2\/pages"}],"about":[{"href":"https:\/\/seslianket.net\/index.php\/wp-json\/wp\/v2\/types\/page"}],"author":[{"embeddable":true,"href":"https:\/\/seslianket.net\/index.php\/wp-json\/wp\/v2\/users\/1"}],"replies":[{"embeddable":true,"href":"https:\/\/seslianket.net\/index.php\/wp-json\/wp\/v2\/comments?post=38"}],"version-history":[{"count":2,"href":"https:\/\/seslianket.net\/index.php\/wp-json\/wp\/v2\/pages\/38\/revisions"}],"predecessor-version":[{"id":53,"href":"https:\/\/seslianket.net\/index.php\/wp-json\/wp\/v2\/pages\/38\/revisions\/53"}],"wp:attachment":[{"href":"https:\/\/seslianket.net\/index.php\/wp-json\/wp\/v2\/media?parent=38"}],"curies":[{"name":"wp","href":"https:\/\/api.w.org\/{rel}","templated":true}]}}