{"id":55,"date":"2025-02-19T08:48:28","date_gmt":"2025-02-19T08:48:28","guid":{"rendered":"https:\/\/seslianket.net\/?page_id=55"},"modified":"2025-09-28T10:29:35","modified_gmt":"2025-09-28T10:29:35","slug":"sesli-anket-nedir","status":"publish","type":"page","link":"https:\/\/seslianket.net\/index.php\/sesli-anket-nedir\/","title":{"rendered":"Sesli Anket"},"content":{"rendered":"\n<p><strong>Sesli Anket Nedir?<\/strong><\/p>\n\n\n\n<p><strong>Sesli Anket&#8217;de 5 Soruya Kadar Soru Sorma \u00d6zelli\u011fi, Canl\u0131 Online Takip, Anl\u0131k Raporlama ve Yapay Zeka Destekli Raporlamalar Sadece Burada<\/strong>. Sesli anket, bireylerin veya hedef kitlelerin belirli bir konu hakk\u0131nda g\u00f6r\u00fc\u015flerini almak amac\u0131yla sesli yan\u0131t sistemleri (IVR &#8211; Interactive Voice Response), telefon g\u00f6r\u00fc\u015fmeleri veya sesli asistanlar arac\u0131l\u0131\u011f\u0131yla yap\u0131lan bir ara\u015ft\u0131rma y\u00f6ntemidir. Geleneksel anketlerden farkl\u0131 olarak, sesli anketler genellikle otomatik sistemler taraf\u0131ndan y\u00fcr\u00fct\u00fcl\u00fcr ve kat\u0131l\u0131mc\u0131lar sorulara sesli yan\u0131tlar vererek veya telefon tu\u015flar\u0131n\u0131 kullanarak cevap verebilirler.<\/p>\n\n\n\n<h3 class=\"wp-block-heading\"><strong>Sesli Anketin Kullan\u0131m Alanlar\u0131<\/strong><\/h3>\n\n\n\n<p>Sesli anketler geni\u015f bir kullan\u0131m alan\u0131na sahiptir. Ba\u015fl\u0131ca kullan\u0131m alanlar\u0131 \u015funlard\u0131r:<\/p>\n\n\n\n<ol start=\"1\" class=\"wp-block-list\">\n<li><strong>Canl\u0131 Sistem Takibi<\/strong>: Anket sahibi anketini sistemimiz \u00fczerinden anketini canl\u0131 \u015fekilde takip edebiliyor. Raporlamalar anl\u0131k olarak al\u0131nabilmektedir.<\/li>\n\n\n\n<li><strong>M\u00fc\u015fteri Memnuniyeti Ara\u015ft\u0131rmalar\u0131<\/strong>: Firmalar, m\u00fc\u015fterilerinin \u00fcr\u00fcn veya hizmetler hakk\u0131ndaki memnuniyetini \u00f6l\u00e7mek i\u00e7in sesli anketleri kullanabilir.<\/li>\n\n\n\n<li><strong>Kamuoyu Yoklamalar\u0131<\/strong>: Politikac\u0131lar, kamu kurumlar\u0131 veya ara\u015ft\u0131rma \u015firketleri halk\u0131n belirli konulara y\u00f6nelik g\u00f6r\u00fc\u015flerini \u00f6\u011frenmek i\u00e7in sesli anketlerden yararlanabilir.<\/li>\n\n\n\n<li><strong>Pazarlama Ara\u015ft\u0131rmalar\u0131<\/strong>: \u015eirketler, yeni \u00fcr\u00fcn lansmanlar\u0131 veya hizmet de\u011fi\u015fiklikleri hakk\u0131nda geri bildirim almak i\u00e7in sesli anketler d\u00fczenleyebilir.<\/li>\n\n\n\n<li><strong>Sa\u011fl\u0131k Sekt\u00f6r\u00fc<\/strong>: Hastaneler veya sa\u011fl\u0131k kurulu\u015flar\u0131, hastalar\u0131n sa\u011fl\u0131k durumlar\u0131n\u0131 takip etmek veya hasta memnuniyetini \u00f6l\u00e7mek i\u00e7in sesli anketleri kullanabilir.<\/li>\n\n\n\n<li><strong>E\u011fitim Kurumlar\u0131<\/strong>: Okullar ve \u00fcniversiteler, \u00f6\u011frenci veya veli geri bildirimlerini almak i\u00e7in sesli anketlerden faydalanabilir.<\/li>\n<\/ol>\n\n\n\n<ul class=\"wp-block-list\"><\/ul>\n\n\n\n\n\n\n","protected":false},"excerpt":{"rendered":"<p>Sesli Anket Nedir? Sesli Anket&#8217;de 5 Soruya Kadar Soru Sorma \u00d6zelli\u011fi, Canl\u0131 Online Takip, Anl\u0131k Raporlama ve Yapay Zeka Destekli Raporlamalar Sadece Burada. Sesli anket, bireylerin veya hedef kitlelerin belirli bir konu hakk\u0131nda g\u00f6r\u00fc\u015flerini almak amac\u0131yla sesli yan\u0131t sistemleri (IVR &#8211; Interactive Voice Response), telefon g\u00f6r\u00fc\u015fmeleri veya sesli asistanlar arac\u0131l\u0131\u011f\u0131yla yap\u0131lan bir ara\u015ft\u0131rma y\u00f6ntemidir. Geleneksel [&hellip;]<\/p>\n","protected":false},"author":1,"featured_media":0,"parent":0,"menu_order":0,"comment_status":"closed","ping_status":"closed","template":"","meta":{"saved_in_kubio":true,"footnotes":""},"class_list":["post-55","page","type-page","status-publish","hentry"],"kubio_ai_page_context":{"short_desc":"","purpose":"general"},"yoast_head":"<!-- This site is optimized with the Yoast SEO plugin v24.5 - https:\/\/yoast.com\/wordpress\/plugins\/seo\/ -->\n<title>Sesli Anket - T\u00fcrkiye&#039;nin 1 Numaral\u0131 Sesli Anket \u015eirketi BY K\u0131rm\u0131z\u0131 Kare<\/title>\n<meta name=\"description\" content=\"Sesli Anket&#039; inizi Anl\u0131k Canl\u0131 \u015eekilde Takip edin. Yapay Zeka Destekli Raporlar\u0131 Hemen Al\u0131n. QR Kodla Raporunuza Heryerden Ula\u015f\u0131n.\" \/>\n<meta name=\"robots\" content=\"index, follow, max-snippet:-1, max-image-preview:large, max-video-preview:-1\" \/>\n<link rel=\"canonical\" href=\"https:\/\/seslianket.net\/index.php\/sesli-anket-nedir\/\" \/>\n<meta property=\"og:locale\" content=\"tr_TR\" \/>\n<meta property=\"og:type\" content=\"article\" \/>\n<meta property=\"og:title\" content=\"Sesli Anket - T\u00fcrkiye&#039;nin 1 Numaral\u0131 Sesli Anket \u015eirketi BY K\u0131rm\u0131z\u0131 Kare\" \/>\n<meta property=\"og:description\" content=\"Sesli Anket&#039; inizi Anl\u0131k Canl\u0131 \u015eekilde Takip edin. Yapay Zeka Destekli Raporlar\u0131 Hemen Al\u0131n. QR Kodla Raporunuza Heryerden Ula\u015f\u0131n.\" \/>\n<meta property=\"og:url\" content=\"https:\/\/seslianket.net\/index.php\/sesli-anket-nedir\/\" \/>\n<meta property=\"og:site_name\" content=\"T\u00fcrkiye&#039;nin 1 Numaral\u0131 Sesli Anket \u015eirketi BY K\u0131rm\u0131z\u0131 Kare\" \/>\n<meta property=\"article:modified_time\" content=\"2025-09-28T10:29:35+00:00\" \/>\n<meta name=\"twitter:card\" content=\"summary_large_image\" \/>\n<meta name=\"twitter:label1\" content=\"Tahmini okuma s\u00fcresi\" \/>\n\t<meta name=\"twitter:data1\" content=\"2 dakika\" \/>\n<script type=\"application\/ld+json\" class=\"yoast-schema-graph\">{\"@context\":\"https:\/\/schema.org\",\"@graph\":[{\"@type\":\"WebPage\",\"@id\":\"https:\/\/seslianket.net\/index.php\/sesli-anket-nedir\/\",\"url\":\"https:\/\/seslianket.net\/index.php\/sesli-anket-nedir\/\",\"name\":\"Sesli Anket - T\u00fcrkiye&#039;nin 1 Numaral\u0131 Sesli Anket \u015eirketi BY K\u0131rm\u0131z\u0131 Kare\",\"isPartOf\":{\"@id\":\"https:\/\/seslianket.net\/#website\"},\"datePublished\":\"2025-02-19T08:48:28+00:00\",\"dateModified\":\"2025-09-28T10:29:35+00:00\",\"description\":\"Sesli Anket' inizi Anl\u0131k Canl\u0131 \u015eekilde Takip edin. Yapay Zeka Destekli Raporlar\u0131 Hemen Al\u0131n. QR Kodla Raporunuza Heryerden Ula\u015f\u0131n.\",\"breadcrumb\":{\"@id\":\"https:\/\/seslianket.net\/index.php\/sesli-anket-nedir\/#breadcrumb\"},\"inLanguage\":\"tr\",\"potentialAction\":[{\"@type\":\"ReadAction\",\"target\":[\"https:\/\/seslianket.net\/index.php\/sesli-anket-nedir\/\"]}]},{\"@type\":\"BreadcrumbList\",\"@id\":\"https:\/\/seslianket.net\/index.php\/sesli-anket-nedir\/#breadcrumb\",\"itemListElement\":[{\"@type\":\"ListItem\",\"position\":1,\"name\":\"Anasayfa\",\"item\":\"https:\/\/seslianket.net\/\"},{\"@type\":\"ListItem\",\"position\":2,\"name\":\"Sesli Anket\"}]},{\"@type\":\"WebSite\",\"@id\":\"https:\/\/seslianket.net\/#website\",\"url\":\"https:\/\/seslianket.net\/\",\"name\":\"T\u00fcrkiye&#039;nin 1 Numaral\u0131 Sesli Anket \u015eirketi BY K\u0131rm\u0131z\u0131 Kare\",\"description\":\"T\u00fcrkiye&#039;nin 1 Numaral\u0131 Sesli Anket \u015eirketi\",\"publisher\":{\"@id\":\"https:\/\/seslianket.net\/#organization\"},\"potentialAction\":[{\"@type\":\"SearchAction\",\"target\":{\"@type\":\"EntryPoint\",\"urlTemplate\":\"https:\/\/seslianket.net\/?s={search_term_string}\"},\"query-input\":{\"@type\":\"PropertyValueSpecification\",\"valueRequired\":true,\"valueName\":\"search_term_string\"}}],\"inLanguage\":\"tr\"},{\"@type\":\"Organization\",\"@id\":\"https:\/\/seslianket.net\/#organization\",\"name\":\"T\u00fcrkiye&#039;nin 1 Numaral\u0131 Sesli Anket \u015eirketi BY K\u0131rm\u0131z\u0131 Kare\",\"url\":\"https:\/\/seslianket.net\/\",\"logo\":{\"@type\":\"ImageObject\",\"inLanguage\":\"tr\",\"@id\":\"https:\/\/seslianket.net\/#\/schema\/logo\/image\/\",\"url\":\"https:\/\/seslianket.net\/wp-content\/uploads\/2025\/02\/Ekran-goruntusu-2025-02-19-131442.png\",\"contentUrl\":\"https:\/\/seslianket.net\/wp-content\/uploads\/2025\/02\/Ekran-goruntusu-2025-02-19-131442.png\",\"width\":528,\"height\":491,\"caption\":\"T\u00fcrkiye&#039;nin 1 Numaral\u0131 Sesli Anket \u015eirketi BY K\u0131rm\u0131z\u0131 Kare\"},\"image\":{\"@id\":\"https:\/\/seslianket.net\/#\/schema\/logo\/image\/\"}}]}<\/script>\n<!-- \/ Yoast SEO plugin. -->","yoast_head_json":{"title":"Sesli Anket - T\u00fcrkiye&#039;nin 1 Numaral\u0131 Sesli Anket \u015eirketi BY K\u0131rm\u0131z\u0131 Kare","description":"Sesli Anket' inizi Anl\u0131k Canl\u0131 \u015eekilde Takip edin. Yapay Zeka Destekli Raporlar\u0131 Hemen Al\u0131n. QR Kodla Raporunuza Heryerden Ula\u015f\u0131n.","robots":{"index":"index","follow":"follow","max-snippet":"max-snippet:-1","max-image-preview":"max-image-preview:large","max-video-preview":"max-video-preview:-1"},"canonical":"https:\/\/seslianket.net\/index.php\/sesli-anket-nedir\/","og_locale":"tr_TR","og_type":"article","og_title":"Sesli Anket - T\u00fcrkiye&#039;nin 1 Numaral\u0131 Sesli Anket \u015eirketi BY K\u0131rm\u0131z\u0131 Kare","og_description":"Sesli Anket' inizi Anl\u0131k Canl\u0131 \u015eekilde Takip edin. Yapay Zeka Destekli Raporlar\u0131 Hemen Al\u0131n. QR Kodla Raporunuza Heryerden Ula\u015f\u0131n.","og_url":"https:\/\/seslianket.net\/index.php\/sesli-anket-nedir\/","og_site_name":"T\u00fcrkiye&#039;nin 1 Numaral\u0131 Sesli Anket \u015eirketi BY K\u0131rm\u0131z\u0131 Kare","article_modified_time":"2025-09-28T10:29:35+00:00","twitter_card":"summary_large_image","twitter_misc":{"Tahmini okuma s\u00fcresi":"2 dakika"},"schema":{"@context":"https:\/\/schema.org","@graph":[{"@type":"WebPage","@id":"https:\/\/seslianket.net\/index.php\/sesli-anket-nedir\/","url":"https:\/\/seslianket.net\/index.php\/sesli-anket-nedir\/","name":"Sesli Anket - T\u00fcrkiye&#039;nin 1 Numaral\u0131 Sesli Anket \u015eirketi BY K\u0131rm\u0131z\u0131 Kare","isPartOf":{"@id":"https:\/\/seslianket.net\/#website"},"datePublished":"2025-02-19T08:48:28+00:00","dateModified":"2025-09-28T10:29:35+00:00","description":"Sesli Anket' inizi Anl\u0131k Canl\u0131 \u015eekilde Takip edin. Yapay Zeka Destekli Raporlar\u0131 Hemen Al\u0131n. QR Kodla Raporunuza Heryerden Ula\u015f\u0131n.","breadcrumb":{"@id":"https:\/\/seslianket.net\/index.php\/sesli-anket-nedir\/#breadcrumb"},"inLanguage":"tr","potentialAction":[{"@type":"ReadAction","target":["https:\/\/seslianket.net\/index.php\/sesli-anket-nedir\/"]}]},{"@type":"BreadcrumbList","@id":"https:\/\/seslianket.net\/index.php\/sesli-anket-nedir\/#breadcrumb","itemListElement":[{"@type":"ListItem","position":1,"name":"Anasayfa","item":"https:\/\/seslianket.net\/"},{"@type":"ListItem","position":2,"name":"Sesli Anket"}]},{"@type":"WebSite","@id":"https:\/\/seslianket.net\/#website","url":"https:\/\/seslianket.net\/","name":"T\u00fcrkiye&#039;nin 1 Numaral\u0131 Sesli Anket \u015eirketi BY K\u0131rm\u0131z\u0131 Kare","description":"T\u00fcrkiye&#039;nin 1 Numaral\u0131 Sesli Anket \u015eirketi","publisher":{"@id":"https:\/\/seslianket.net\/#organization"},"potentialAction":[{"@type":"SearchAction","target":{"@type":"EntryPoint","urlTemplate":"https:\/\/seslianket.net\/?s={search_term_string}"},"query-input":{"@type":"PropertyValueSpecification","valueRequired":true,"valueName":"search_term_string"}}],"inLanguage":"tr"},{"@type":"Organization","@id":"https:\/\/seslianket.net\/#organization","name":"T\u00fcrkiye&#039;nin 1 Numaral\u0131 Sesli Anket \u015eirketi BY K\u0131rm\u0131z\u0131 Kare","url":"https:\/\/seslianket.net\/","logo":{"@type":"ImageObject","inLanguage":"tr","@id":"https:\/\/seslianket.net\/#\/schema\/logo\/image\/","url":"https:\/\/seslianket.net\/wp-content\/uploads\/2025\/02\/Ekran-goruntusu-2025-02-19-131442.png","contentUrl":"https:\/\/seslianket.net\/wp-content\/uploads\/2025\/02\/Ekran-goruntusu-2025-02-19-131442.png","width":528,"height":491,"caption":"T\u00fcrkiye&#039;nin 1 Numaral\u0131 Sesli Anket \u015eirketi BY K\u0131rm\u0131z\u0131 Kare"},"image":{"@id":"https:\/\/seslianket.net\/#\/schema\/logo\/image\/"}}]}},"_links":{"self":[{"href":"https:\/\/seslianket.net\/index.php\/wp-json\/wp\/v2\/pages\/55","targetHints":{"allow":["GET"]}}],"collection":[{"href":"https:\/\/seslianket.net\/index.php\/wp-json\/wp\/v2\/pages"}],"about":[{"href":"https:\/\/seslianket.net\/index.php\/wp-json\/wp\/v2\/types\/page"}],"author":[{"embeddable":true,"href":"https:\/\/seslianket.net\/index.php\/wp-json\/wp\/v2\/users\/1"}],"replies":[{"embeddable":true,"href":"https:\/\/seslianket.net\/index.php\/wp-json\/wp\/v2\/comments?post=55"}],"version-history":[{"count":8,"href":"https:\/\/seslianket.net\/index.php\/wp-json\/wp\/v2\/pages\/55\/revisions"}],"predecessor-version":[{"id":222,"href":"https:\/\/seslianket.net\/index.php\/wp-json\/wp\/v2\/pages\/55\/revisions\/222"}],"wp:attachment":[{"href":"https:\/\/seslianket.net\/index.php\/wp-json\/wp\/v2\/media?parent=55"}],"curies":[{"name":"wp","href":"https:\/\/api.w.org\/{rel}","templated":true}]}}